{"id":592,"date":"2014-03-18T09:49:29","date_gmt":"2014-03-18T09:49:29","guid":{"rendered":"http:\/\/the7.dream-demo.com\/business\/?page_id=2"},"modified":"2020-06-16T11:53:57","modified_gmt":"2020-06-16T11:53:57","slug":"sample-page-2","status":"publish","type":"page","link":"https:\/\/www.frustik.sk\/","title":{"rendered":"\u00davod"},"content":{"rendered":"<div class=\"wpb-content-wrapper\"><p>[vc_row][vc_column][vc_custom_heading text=&#8221;LOVEMADE OBILIE&#8221; font_container=&#8221;tag:h2|font_size:80|text_align:center|color:%23262626|line_height:1&#8243; google_fonts=&#8221;font_family:Amatic%20SC%3Aregular%2C700|font_style:700%20bold%20regular%3A700%3Anormal&#8221; css_animation=&#8221;fadeIn&#8221; css=&#8221;.vc_custom_1592308360736{padding-top: 50px !important;}&#8221;][vc_custom_heading text=&#8221;S l\u00e1skou roben\u00e9 obilninov\u00e9 ka\u0161e Fru\u0161tik pln\u00e9 \u017eiv\u00edn a lahodn\u00fdch chut\u00ed, vyroben\u00e9 s nad\u0161en\u00edm pre zdrav\u00fa v\u00fd\u017eivu, d\u00f4razom na kvalitn\u00e9 ingrediencie a re\u0161pektom k pr\u00edrode.&#8221; font_container=&#8221;tag:h2|font_size:40|text_align:center|color:%23262626|line_height:1.1&#8243; google_fonts=&#8221;font_family:Amatic%20SC%3Aregular%2C700|font_style:700%20bold%20regular%3A700%3Anormal&#8221; css_animation=&#8221;fadeIn&#8221; css=&#8221;.vc_custom_1592308432404{padding-top: 20px !important;}&#8221;][\/vc_column][\/vc_row][vc_row type=&#8221;vc_default&#8221; margin_top=&#8221;10&#8243; css=&#8221;.vc_custom_1526410272327{padding-top: 40px !important;padding-bottom: 50px !important;}&#8221;][vc_column width=&#8221;1\/3&#8243;]<div class=\"ult-just-icon-wrapper accent-icon-bg  vc_custom_1526410343526\"><div class=\"align-icon\" style=\"text-align:center;\">\n<div class=\"aio-icon-img \" style=\"font-size:96px;display:inline-block;\" data-animation=\"swing\" data-animation-delay=\"03\">\n\t<img decoding=\"async\" class=\"img-icon\" alt=\"null\" src=\"https:\/\/www.frustik.sk\/wp-content\/uploads\/2018\/02\/bez-lepku.png\"\/>\n<\/div><\/div><\/div><div id=\"ultimate-heading-242769f498b19fb45\" class=\"uvc-heading ult-adjust-bottom-margin ultimate-heading-242769f498b19fb45 uvc-4885 accent-border-color\" data-hspacer=\"line_only\"  data-halign=\"center\" style=\"text-align:center\"><div class=\"uvc-heading-spacer line_only\" style=\"margin-bottom:15px;height:3px;\"><span class=\"uvc-headings-line\" style=\"border-style:solid;border-bottom-width:3px;border-color:#262626;width:40px;\"><\/span><\/div><\/div>[\/vc_column][vc_column width=&#8221;1\/3&#8243;]<div class=\"ult-just-icon-wrapper accent-icon-bg  vc_custom_1519764385689\"><div class=\"align-icon\" style=\"text-align:center;\">\n<div class=\"aio-icon-img \" style=\"font-size:96px;display:inline-block;\" data-animation=\"swing\" data-animation-delay=\"03\">\n\t<img decoding=\"async\" class=\"img-icon\" alt=\"null\" src=\"https:\/\/www.frustik.sk\/wp-content\/uploads\/2018\/02\/bez-laktozy.png\"\/>\n<\/div><\/div><\/div><div id=\"ultimate-heading-35469f498b1a0000\" class=\"uvc-heading ult-adjust-bottom-margin ultimate-heading-35469f498b1a0000 uvc-8246 accent-border-color\" data-hspacer=\"line_only\"  data-halign=\"center\" style=\"text-align:center\"><div class=\"uvc-heading-spacer line_only\" style=\"margin-bottom:15px;height:3px;\"><span class=\"uvc-headings-line\" style=\"border-style:solid;border-bottom-width:3px;border-color:#262626;width:40px;\"><\/span><\/div><\/div>[\/vc_column][vc_column width=&#8221;1\/3&#8243;]<div class=\"ult-just-icon-wrapper accent-icon-bg  vc_custom_1519764420168\"><div class=\"align-icon\" style=\"text-align:center;\">\n<div class=\"aio-icon-img \" style=\"font-size:96px;display:inline-block;\" data-animation=\"swing\" data-animation-delay=\"03\">\n\t<img decoding=\"async\" class=\"img-icon\" alt=\"null\" src=\"https:\/\/www.frustik.sk\/wp-content\/uploads\/2018\/02\/bez-cukru.png\"\/>\n<\/div><\/div><\/div><div id=\"ultimate-heading-191369f498b1a0501\" class=\"uvc-heading ult-adjust-bottom-margin ultimate-heading-191369f498b1a0501 uvc-1222 accent-border-color\" data-hspacer=\"line_only\"  data-halign=\"center\" style=\"text-align:center\"><div class=\"uvc-heading-spacer line_only\" style=\"margin-bottom:15px;height:3px;\"><span class=\"uvc-headings-line\" style=\"border-style:solid;border-bottom-width:3px;border-color:#262626;width:40px;\"><\/span><\/div><\/div>[\/vc_column][\/vc_row]<\/p>\n<\/div>","protected":false},"excerpt":{"rendered":"<p>[vc_row][vc_column][vc_custom_heading text=&#8221;LOVEMADE OBILIE&#8221; font_container=&#8221;tag:h2|font_size:80|text_align:center|color:%23262626|line_height:1&#8243; google_fonts=&#8221;font_family:Amatic%20SC%3Aregular%2C700|font_style:700%20bold%20regular%3A700%3Anormal&#8221; css_animation=&#8221;fadeIn&#8221; css=&#8221;.vc_custom_1592308360736{padding-top: 50px !important;}&#8221;][vc_custom_heading text=&#8221;S l\u00e1skou roben\u00e9 obilninov\u00e9 ka\u0161e Fru\u0161tik pln\u00e9 \u017eiv\u00edn a lahodn\u00fdch chut\u00ed, vyroben\u00e9 s nad\u0161en\u00edm pre zdrav\u00fa v\u00fd\u017eivu, d\u00f4razom na kvalitn\u00e9 ingrediencie a re\u0161pektom k pr\u00edrode.&#8221; font_container=&#8221;tag:h2|font_size:40|text_align:center|color:%23262626|line_height:1.1&#8243; google_fonts=&#8221;font_family:Amatic%20SC%3Aregular%2C700|font_style:700%20bold%20regular%3A700%3Anormal&#8221; css_animation=&#8221;fadeIn&#8221; css=&#8221;.vc_custom_1592308432404{padding-top: 20px !important;}&#8221;][\/vc_column][\/vc_row][vc_row type=&#8221;vc_default&#8221; margin_top=&#8221;10&#8243; css=&#8221;.vc_custom_1526410272327{padding-top: 40px !important;padding-bottom: 50px !important;}&#8221;][vc_column width=&#8221;1\/3&#8243;][\/vc_column][vc_column width=&#8221;1\/3&#8243;][\/vc_column][vc_column width=&#8221;1\/3&#8243;][\/vc_column][\/vc_row]<\/p>\n","protected":false},"author":1,"featured_media":0,"parent":0,"menu_order":0,"comment_status":"closed","ping_status":"closed","template":"","meta":{"_monsterinsights_skip_tracking":false,"_monsterinsights_sitenote_active":false,"_monsterinsights_sitenote_note":"","_monsterinsights_sitenote_category":0,"footnotes":""},"class_list":["post-592","page","type-page","status-publish","hentry","description-off"],"yoast_head":"<!-- This site is optimized with the Yoast SEO plugin v27.5 - https:\/\/yoast.com\/product\/yoast-seo-wordpress\/ -->\n<title>\u00davod - Fru\u0161tik<\/title>\n<meta name=\"robots\" content=\"index, follow, max-snippet:-1, max-image-preview:large, max-video-preview:-1\" \/>\n<link rel=\"canonical\" href=\"https:\/\/www.frustik.sk\/\" \/>\n<meta property=\"og:locale\" content=\"en_US\" \/>\n<meta property=\"og:type\" content=\"article\" \/>\n<meta property=\"og:title\" content=\"\u00davod - Fru\u0161tik\" \/>\n<meta property=\"og:description\" content=\"[vc_row][vc_column][vc_custom_heading text=&#8221;LOVEMADE OBILIE&#8221; font_container=&#8221;tag:h2|font_size:80|text_align:center|color:%23262626|line_height:1&#8243; google_fonts=&#8221;font_family:Amatic%20SC%3Aregular%2C700|font_style:700%20bold%20regular%3A700%3Anormal&#8221; css_animation=&#8221;fadeIn&#8221; css=&#8221;.vc_custom_1592308360736{padding-top: 50px !important;}&#8221;][vc_custom_heading text=&#8221;S l\u00e1skou roben\u00e9 obilninov\u00e9 ka\u0161e Fru\u0161tik pln\u00e9 \u017eiv\u00edn a lahodn\u00fdch chut\u00ed, vyroben\u00e9 s nad\u0161en\u00edm pre zdrav\u00fa v\u00fd\u017eivu, d\u00f4razom na kvalitn\u00e9 ingrediencie a re\u0161pektom k pr\u00edrode.&#8221; font_container=&#8221;tag:h2|font_size:40|text_align:center|color:%23262626|line_height:1.1&#8243; google_fonts=&#8221;font_family:Amatic%20SC%3Aregular%2C700|font_style:700%20bold%20regular%3A700%3Anormal&#8221; css_animation=&#8221;fadeIn&#8221; css=&#8221;.vc_custom_1592308432404{padding-top: 20px !important;}&#8221;][\/vc_column][\/vc_row][vc_row type=&#8221;vc_default&#8221; margin_top=&#8221;10&#8243; css=&#8221;.vc_custom_1526410272327{padding-top: 40px !important;padding-bottom: 50px !important;}&#8221;][vc_column width=&#8221;1\/3&#8243;][\/vc_column][vc_column width=&#8221;1\/3&#8243;][\/vc_column][vc_column width=&#8221;1\/3&#8243;][\/vc_column][\/vc_row]\" \/>\n<meta property=\"og:url\" content=\"https:\/\/www.frustik.sk\/\" \/>\n<meta property=\"og:site_name\" content=\"Fru\u0161tik\" \/>\n<meta property=\"article:modified_time\" content=\"2020-06-16T11:53:57+00:00\" \/>\n<meta name=\"twitter:card\" content=\"summary_large_image\" \/>\n<meta name=\"twitter:label1\" content=\"Est. reading time\" \/>\n\t<meta name=\"twitter:data1\" content=\"2 minutes\" \/>\n<script type=\"application\/ld+json\" class=\"yoast-schema-graph\">{\"@context\":\"https:\\\/\\\/schema.org\",\"@graph\":[{\"@type\":\"WebPage\",\"@id\":\"https:\\\/\\\/www.frustik.sk\\\/\",\"url\":\"https:\\\/\\\/www.frustik.sk\\\/\",\"name\":\"\u00davod - Fru\u0161tik\",\"isPartOf\":{\"@id\":\"https:\\\/\\\/www.frustik.sk\\\/#website\"},\"datePublished\":\"2014-03-18T09:49:29+00:00\",\"dateModified\":\"2020-06-16T11:53:57+00:00\",\"breadcrumb\":{\"@id\":\"https:\\\/\\\/www.frustik.sk\\\/#breadcrumb\"},\"inLanguage\":\"en-US\",\"potentialAction\":[{\"@type\":\"ReadAction\",\"target\":[\"https:\\\/\\\/www.frustik.sk\\\/\"]}]},{\"@type\":\"BreadcrumbList\",\"@id\":\"https:\\\/\\\/www.frustik.sk\\\/#breadcrumb\",\"itemListElement\":[{\"@type\":\"ListItem\",\"position\":1,\"name\":\"Home\",\"item\":\"https:\\\/\\\/www.frustik.sk\\\/\"},{\"@type\":\"ListItem\",\"position\":2,\"name\":\"\u00davod\"}]},{\"@type\":\"WebSite\",\"@id\":\"https:\\\/\\\/www.frustik.sk\\\/#website\",\"url\":\"https:\\\/\\\/www.frustik.sk\\\/\",\"name\":\"Fru\u0161tik\",\"description\":\"S l\u00e1skou roben\u00e9 obilninov\u00e9 ka\u0161e pln\u00e9 \u017eiv\u00edn a lahodn\u00fdch chut\u00ed, vyroben\u00e9 s nad\u0161en\u00edm pre zdrav\u00fa v\u00fd\u017eivu, d\u00f4razom na kvalitn\u00e9 ingrediencie a re\u0161pektom k pr\u00edrode.\",\"publisher\":{\"@id\":\"https:\\\/\\\/www.frustik.sk\\\/#organization\"},\"potentialAction\":[{\"@type\":\"SearchAction\",\"target\":{\"@type\":\"EntryPoint\",\"urlTemplate\":\"https:\\\/\\\/www.frustik.sk\\\/?s={search_term_string}\"},\"query-input\":{\"@type\":\"PropertyValueSpecification\",\"valueRequired\":true,\"valueName\":\"search_term_string\"}}],\"inLanguage\":\"en-US\"},{\"@type\":\"Organization\",\"@id\":\"https:\\\/\\\/www.frustik.sk\\\/#organization\",\"name\":\"Fru\u0161tik\",\"url\":\"https:\\\/\\\/www.frustik.sk\\\/\",\"logo\":{\"@type\":\"ImageObject\",\"inLanguage\":\"en-US\",\"@id\":\"https:\\\/\\\/www.frustik.sk\\\/#\\\/schema\\\/logo\\\/image\\\/\",\"url\":\"https:\\\/\\\/www.frustik.sk\\\/wp-content\\\/uploads\\\/2018\\\/02\\\/logo-frustik-long.png\",\"contentUrl\":\"https:\\\/\\\/www.frustik.sk\\\/wp-content\\\/uploads\\\/2018\\\/02\\\/logo-frustik-long.png\",\"width\":160,\"height\":73,\"caption\":\"Fru\u0161tik\"},\"image\":{\"@id\":\"https:\\\/\\\/www.frustik.sk\\\/#\\\/schema\\\/logo\\\/image\\\/\"}}]}<\/script>\n<!-- \/ Yoast SEO plugin. -->","yoast_head_json":{"title":"\u00davod - Fru\u0161tik","robots":{"index":"index","follow":"follow","max-snippet":"max-snippet:-1","max-image-preview":"max-image-preview:large","max-video-preview":"max-video-preview:-1"},"canonical":"https:\/\/www.frustik.sk\/","og_locale":"en_US","og_type":"article","og_title":"\u00davod - Fru\u0161tik","og_description":"[vc_row][vc_column][vc_custom_heading text=&#8221;LOVEMADE OBILIE&#8221; font_container=&#8221;tag:h2|font_size:80|text_align:center|color:%23262626|line_height:1&#8243; google_fonts=&#8221;font_family:Amatic%20SC%3Aregular%2C700|font_style:700%20bold%20regular%3A700%3Anormal&#8221; css_animation=&#8221;fadeIn&#8221; css=&#8221;.vc_custom_1592308360736{padding-top: 50px !important;}&#8221;][vc_custom_heading text=&#8221;S l\u00e1skou roben\u00e9 obilninov\u00e9 ka\u0161e Fru\u0161tik pln\u00e9 \u017eiv\u00edn a lahodn\u00fdch chut\u00ed, vyroben\u00e9 s nad\u0161en\u00edm pre zdrav\u00fa v\u00fd\u017eivu, d\u00f4razom na kvalitn\u00e9 ingrediencie a re\u0161pektom k pr\u00edrode.&#8221; font_container=&#8221;tag:h2|font_size:40|text_align:center|color:%23262626|line_height:1.1&#8243; google_fonts=&#8221;font_family:Amatic%20SC%3Aregular%2C700|font_style:700%20bold%20regular%3A700%3Anormal&#8221; css_animation=&#8221;fadeIn&#8221; css=&#8221;.vc_custom_1592308432404{padding-top: 20px !important;}&#8221;][\/vc_column][\/vc_row][vc_row type=&#8221;vc_default&#8221; margin_top=&#8221;10&#8243; css=&#8221;.vc_custom_1526410272327{padding-top: 40px !important;padding-bottom: 50px !important;}&#8221;][vc_column width=&#8221;1\/3&#8243;][\/vc_column][vc_column width=&#8221;1\/3&#8243;][\/vc_column][vc_column width=&#8221;1\/3&#8243;][\/vc_column][\/vc_row]","og_url":"https:\/\/www.frustik.sk\/","og_site_name":"Fru\u0161tik","article_modified_time":"2020-06-16T11:53:57+00:00","twitter_card":"summary_large_image","twitter_misc":{"Est. reading time":"2 minutes"},"schema":{"@context":"https:\/\/schema.org","@graph":[{"@type":"WebPage","@id":"https:\/\/www.frustik.sk\/","url":"https:\/\/www.frustik.sk\/","name":"\u00davod - Fru\u0161tik","isPartOf":{"@id":"https:\/\/www.frustik.sk\/#website"},"datePublished":"2014-03-18T09:49:29+00:00","dateModified":"2020-06-16T11:53:57+00:00","breadcrumb":{"@id":"https:\/\/www.frustik.sk\/#breadcrumb"},"inLanguage":"en-US","potentialAction":[{"@type":"ReadAction","target":["https:\/\/www.frustik.sk\/"]}]},{"@type":"BreadcrumbList","@id":"https:\/\/www.frustik.sk\/#breadcrumb","itemListElement":[{"@type":"ListItem","position":1,"name":"Home","item":"https:\/\/www.frustik.sk\/"},{"@type":"ListItem","position":2,"name":"\u00davod"}]},{"@type":"WebSite","@id":"https:\/\/www.frustik.sk\/#website","url":"https:\/\/www.frustik.sk\/","name":"Fru\u0161tik","description":"S l\u00e1skou roben\u00e9 obilninov\u00e9 ka\u0161e pln\u00e9 \u017eiv\u00edn a lahodn\u00fdch chut\u00ed, vyroben\u00e9 s nad\u0161en\u00edm pre zdrav\u00fa v\u00fd\u017eivu, d\u00f4razom na kvalitn\u00e9 ingrediencie a re\u0161pektom k pr\u00edrode.","publisher":{"@id":"https:\/\/www.frustik.sk\/#organization"},"potentialAction":[{"@type":"SearchAction","target":{"@type":"EntryPoint","urlTemplate":"https:\/\/www.frustik.sk\/?s={search_term_string}"},"query-input":{"@type":"PropertyValueSpecification","valueRequired":true,"valueName":"search_term_string"}}],"inLanguage":"en-US"},{"@type":"Organization","@id":"https:\/\/www.frustik.sk\/#organization","name":"Fru\u0161tik","url":"https:\/\/www.frustik.sk\/","logo":{"@type":"ImageObject","inLanguage":"en-US","@id":"https:\/\/www.frustik.sk\/#\/schema\/logo\/image\/","url":"https:\/\/www.frustik.sk\/wp-content\/uploads\/2018\/02\/logo-frustik-long.png","contentUrl":"https:\/\/www.frustik.sk\/wp-content\/uploads\/2018\/02\/logo-frustik-long.png","width":160,"height":73,"caption":"Fru\u0161tik"},"image":{"@id":"https:\/\/www.frustik.sk\/#\/schema\/logo\/image\/"}}]}},"_links":{"self":[{"href":"https:\/\/www.frustik.sk\/index.php?rest_route=\/wp\/v2\/pages\/592","targetHints":{"allow":["GET"]}}],"collection":[{"href":"https:\/\/www.frustik.sk\/index.php?rest_route=\/wp\/v2\/pages"}],"about":[{"href":"https:\/\/www.frustik.sk\/index.php?rest_route=\/wp\/v2\/types\/page"}],"author":[{"embeddable":true,"href":"https:\/\/www.frustik.sk\/index.php?rest_route=\/wp\/v2\/users\/1"}],"replies":[{"embeddable":true,"href":"https:\/\/www.frustik.sk\/index.php?rest_route=%2Fwp%2Fv2%2Fcomments&post=592"}],"version-history":[{"count":8,"href":"https:\/\/www.frustik.sk\/index.php?rest_route=\/wp\/v2\/pages\/592\/revisions"}],"predecessor-version":[{"id":52399,"href":"https:\/\/www.frustik.sk\/index.php?rest_route=\/wp\/v2\/pages\/592\/revisions\/52399"}],"wp:attachment":[{"href":"https:\/\/www.frustik.sk\/index.php?rest_route=%2Fwp%2Fv2%2Fmedia&parent=592"}],"curies":[{"name":"wp","href":"https:\/\/api.w.org\/{rel}","templated":true}]}}