{"id":46,"date":"2014-03-18T10:54:00","date_gmt":"2014-03-18T10:54:00","guid":{"rendered":"http:\/\/the7.dream-demo.com\/business\/?page_id=46"},"modified":"2020-01-30T11:01:26","modified_gmt":"2020-01-30T11:01:26","slug":"news","status":"publish","type":"page","link":"http:\/\/www.frustik.sk\/?page_id=46","title":{"rendered":"Kde n\u00e1s k\u00fapite"},"content":{"rendered":"<div class=\"wpb-content-wrapper\"><p>[vc_row bg_type=&#8221;image&#8221; parallax_style=&#8221;vcpb-vz-jquery&#8221; bg_image_new=&#8221;id^52087|url^http:\/\/www.frustik.sk\/wp-content\/uploads\/2018\/06\/IMG_1032.jpg|caption^null|alt^null|title^IMG_1032|description^null&#8221; bg_image_repeat=&#8221;no-repeat&#8221; bg_override=&#8221;ex-full&#8221; type=&#8221;vc_default&#8221; margin_top=&#8221;-50&#8243; css=&#8221;.vc_custom_1528924935192{padding-top: 20% !important;padding-bottom: 20% !important;}&#8221;][vc_column offset=&#8221;vc_col-lg-12 vc_col-md-12&#8243;]<div id=\"ultimate-heading-160469f383e8acc30\" class=\"uvc-heading ult-adjust-bottom-margin ultimate-heading-160469f383e8acc30 uvc-5296 accent-subtitle-color\" data-hspacer=\"no_spacer\"  data-halign=\"center\" style=\"text-align:center\"><div class=\"uvc-heading-spacer no_spacer\" style=\"top\"><\/div><\/div>[\/vc_column][\/vc_row][vc_row][vc_column width=&#8221;1\/3&#8243;][vc_custom_heading text=&#8221;Obchod 1&#8243; font_container=&#8221;tag:h2|font_size:48|text_align:left&#8221; google_fonts=&#8221;font_family:Amatic%20SC%3Aregular%2C700|font_style:700%20bold%20regular%3A700%3Anormal&#8221;][vc_custom_heading text=&#8221;Adresa:<br \/>\nWeb:<br \/>\nTelefon:&#8221; font_container=&#8221;tag:h2|font_size:16|text_align:left|line_height:1.5&#8243; google_fonts=&#8221;font_family:Josefin%20Sans%3A100%2C100italic%2C300%2C300italic%2Cregular%2Citalic%2C600%2C600italic%2C700%2C700italic|font_style:400%20regular%3A400%3Anormal&#8221;][\/vc_column][vc_column width=&#8221;1\/3&#8243;][vc_custom_heading text=&#8221;Obchod 2&#8243; font_container=&#8221;tag:h2|font_size:48|text_align:left&#8221; google_fonts=&#8221;font_family:Amatic%20SC%3Aregular%2C700|font_style:700%20bold%20regular%3A700%3Anormal&#8221;][vc_custom_heading text=&#8221;Adresa:<br \/>\nWeb:<br \/>\nTelefon:&#8221; font_container=&#8221;tag:h2|font_size:16|text_align:left|line_height:1.5&#8243; google_fonts=&#8221;font_family:Josefin%20Sans%3A100%2C100italic%2C300%2C300italic%2Cregular%2Citalic%2C600%2C600italic%2C700%2C700italic|font_style:400%20regular%3A400%3Anormal&#8221;][\/vc_column][vc_column width=&#8221;1\/3&#8243;][vc_custom_heading text=&#8221;Obchod 3&#8243; font_container=&#8221;tag:h2|font_size:48|text_align:left&#8221; google_fonts=&#8221;font_family:Amatic%20SC%3Aregular%2C700|font_style:700%20bold%20regular%3A700%3Anormal&#8221;][vc_custom_heading text=&#8221;Adresa:<br \/>\nWeb:<br \/>\nTelefon:&#8221; font_container=&#8221;tag:h2|font_size:16|text_align:left|line_height:1.5&#8243; google_fonts=&#8221;font_family:Josefin%20Sans%3A100%2C100italic%2C300%2C300italic%2Cregular%2Citalic%2C600%2C600italic%2C700%2C700italic|font_style:400%20regular%3A400%3Anormal&#8221;][\/vc_column][\/vc_row][vc_row full_width=&#8221;stretch_row_content_no_spaces&#8221; equal_height=&#8221;yes&#8221;][vc_column][\/vc_column][\/vc_row][vc_row][vc_column][vc_gmaps link=&#8221;#E-8_aHR0cHMlM0ElMkYlMkZtYXBzLmdvb2dsZS5jb20lMkZtYXBzJTNGcSUzRE1vbmFyc2slMjVDMyUyNUExJTI1MjBBbGVqJTI1MjA0OCUyNnQlM0QlMjZ6JTNEMTMlMjZpZSUzRFVURjglMjZpd2xvYyUzRCUyNm91dHB1dCUzRGVtYmVkJTNF&#8221; size=&#8221;600&#8243;][\/vc_column][\/vc_row]<\/p>\n<\/div>","protected":false},"excerpt":{"rendered":"<p>[vc_row bg_type=&#8221;image&#8221; parallax_style=&#8221;vcpb-vz-jquery&#8221; bg_image_new=&#8221;id^52087|url^http:\/\/www.frustik.sk\/wp-content\/uploads\/2018\/06\/IMG_1032.jpg|caption^null|alt^null|title^IMG_1032|description^null&#8221; bg_image_repeat=&#8221;no-repeat&#8221; bg_override=&#8221;ex-full&#8221; type=&#8221;vc_default&#8221; margin_top=&#8221;-50&#8243; css=&#8221;.vc_custom_1528924935192{padding-top: 20% !important;padding-bottom: 20% !important;}&#8221;][vc_column offset=&#8221;vc_col-lg-12 vc_col-md-12&#8243;][\/vc_column][\/vc_row][vc_row][vc_column width=&#8221;1\/3&#8243;][vc_custom_heading text=&#8221;Obchod 1&#8243; font_container=&#8221;tag:h2|font_size:48|text_align:left&#8221; google_fonts=&#8221;font_family:Amatic%20SC%3Aregular%2C700|font_style:700%20bold%20regular%3A700%3Anormal&#8221;][vc_custom_heading text=&#8221;Adresa: Web: Telefon:&#8221; font_container=&#8221;tag:h2|font_size:16|text_align:left|line_height:1.5&#8243; google_fonts=&#8221;font_family:Josefin%20Sans%3A100%2C100italic%2C300%2C300italic%2Cregular%2Citalic%2C600%2C600italic%2C700%2C700italic|font_style:400%20regular%3A400%3Anormal&#8221;][\/vc_column][vc_column width=&#8221;1\/3&#8243;][vc_custom_heading text=&#8221;Obchod 2&#8243; font_container=&#8221;tag:h2|font_size:48|text_align:left&#8221; google_fonts=&#8221;font_family:Amatic%20SC%3Aregular%2C700|font_style:700%20bold%20regular%3A700%3Anormal&#8221;][vc_custom_heading text=&#8221;Adresa: Web: Telefon:&#8221; font_container=&#8221;tag:h2|font_size:16|text_align:left|line_height:1.5&#8243; google_fonts=&#8221;font_family:Josefin%20Sans%3A100%2C100italic%2C300%2C300italic%2Cregular%2Citalic%2C600%2C600italic%2C700%2C700italic|font_style:400%20regular%3A400%3Anormal&#8221;][\/vc_column][vc_column width=&#8221;1\/3&#8243;][vc_custom_heading text=&#8221;Obchod 3&#8243; font_container=&#8221;tag:h2|font_size:48|text_align:left&#8221; google_fonts=&#8221;font_family:Amatic%20SC%3Aregular%2C700|font_style:700%20bold%20regular%3A700%3Anormal&#8221;][vc_custom_heading text=&#8221;Adresa: Web: Telefon:&#8221; font_container=&#8221;tag:h2|font_size:16|text_align:left|line_height:1.5&#8243; google_fonts=&#8221;font_family:Josefin%20Sans%3A100%2C100italic%2C300%2C300italic%2Cregular%2Citalic%2C600%2C600italic%2C700%2C700italic|font_style:400%20regular%3A400%3Anormal&#8221;][\/vc_column][\/vc_row][vc_row full_width=&#8221;stretch_row_content_no_spaces&#8221; equal_height=&#8221;yes&#8221;][vc_column][\/vc_column][\/vc_row][vc_row][vc_column][vc_gmaps link=&#8221;#E-8_aHR0cHMlM0ElMkYlMkZtYXBzLmdvb2dsZS5jb20lMkZtYXBzJTNGcSUzRE1vbmFyc2slMjVDMyUyNUExJTI1MjBBbGVqJTI1MjA0OCUyNnQlM0QlMjZ6JTNEMTMlMjZpZSUzRFVURjglMjZpd2xvYyUzRCUyNm91dHB1dCUzRGVtYmVkJTNF&#8221; size=&#8221;600&#8243;][\/vc_column][\/vc_row]<\/p>\n","protected":false},"author":1,"featured_media":0,"parent":0,"menu_order":58,"comment_status":"closed","ping_status":"closed","template":"","meta":{"_monsterinsights_skip_tracking":false,"_monsterinsights_sitenote_active":false,"_monsterinsights_sitenote_note":"","_monsterinsights_sitenote_category":0,"footnotes":""},"class_list":["post-46","page","type-page","status-publish","hentry","description-off"],"yoast_head":"<!-- This site is optimized with the Yoast SEO plugin v27.5 - https:\/\/yoast.com\/product\/yoast-seo-wordpress\/ -->\n<title>Kde n\u00e1s k\u00fapite - Fru\u0161tik<\/title>\n<meta name=\"robots\" content=\"index, follow, max-snippet:-1, max-image-preview:large, max-video-preview:-1\" \/>\n<link rel=\"canonical\" href=\"http:\/\/www.frustik.sk\/?page_id=46\" \/>\n<meta property=\"og:locale\" content=\"en_US\" \/>\n<meta property=\"og:type\" content=\"article\" \/>\n<meta property=\"og:title\" content=\"Kde n\u00e1s k\u00fapite - Fru\u0161tik\" \/>\n<meta property=\"og:description\" content=\"[vc_row bg_type=&#8221;image&#8221; parallax_style=&#8221;vcpb-vz-jquery&#8221; bg_image_new=&#8221;id^52087|url^http:\/\/www.frustik.sk\/wp-content\/uploads\/2018\/06\/IMG_1032.jpg|caption^null|alt^null|title^IMG_1032|description^null&#8221; bg_image_repeat=&#8221;no-repeat&#8221; bg_override=&#8221;ex-full&#8221; type=&#8221;vc_default&#8221; margin_top=&#8221;-50&#8243; css=&#8221;.vc_custom_1528924935192{padding-top: 20% !important;padding-bottom: 20% !important;}&#8221;][vc_column offset=&#8221;vc_col-lg-12 vc_col-md-12&#8243;][\/vc_column][\/vc_row][vc_row][vc_column width=&#8221;1\/3&#8243;][vc_custom_heading text=&#8221;Obchod 1&#8243; font_container=&#8221;tag:h2|font_size:48|text_align:left&#8221; google_fonts=&#8221;font_family:Amatic%20SC%3Aregular%2C700|font_style:700%20bold%20regular%3A700%3Anormal&#8221;][vc_custom_heading text=&#8221;Adresa: Web: Telefon:&#8221; font_container=&#8221;tag:h2|font_size:16|text_align:left|line_height:1.5&#8243; google_fonts=&#8221;font_family:Josefin%20Sans%3A100%2C100italic%2C300%2C300italic%2Cregular%2Citalic%2C600%2C600italic%2C700%2C700italic|font_style:400%20regular%3A400%3Anormal&#8221;][\/vc_column][vc_column width=&#8221;1\/3&#8243;][vc_custom_heading text=&#8221;Obchod 2&#8243; font_container=&#8221;tag:h2|font_size:48|text_align:left&#8221; google_fonts=&#8221;font_family:Amatic%20SC%3Aregular%2C700|font_style:700%20bold%20regular%3A700%3Anormal&#8221;][vc_custom_heading text=&#8221;Adresa: Web: Telefon:&#8221; font_container=&#8221;tag:h2|font_size:16|text_align:left|line_height:1.5&#8243; google_fonts=&#8221;font_family:Josefin%20Sans%3A100%2C100italic%2C300%2C300italic%2Cregular%2Citalic%2C600%2C600italic%2C700%2C700italic|font_style:400%20regular%3A400%3Anormal&#8221;][\/vc_column][vc_column width=&#8221;1\/3&#8243;][vc_custom_heading text=&#8221;Obchod 3&#8243; font_container=&#8221;tag:h2|font_size:48|text_align:left&#8221; google_fonts=&#8221;font_family:Amatic%20SC%3Aregular%2C700|font_style:700%20bold%20regular%3A700%3Anormal&#8221;][vc_custom_heading text=&#8221;Adresa: Web: Telefon:&#8221; font_container=&#8221;tag:h2|font_size:16|text_align:left|line_height:1.5&#8243; google_fonts=&#8221;font_family:Josefin%20Sans%3A100%2C100italic%2C300%2C300italic%2Cregular%2Citalic%2C600%2C600italic%2C700%2C700italic|font_style:400%20regular%3A400%3Anormal&#8221;][\/vc_column][\/vc_row][vc_row full_width=&#8221;stretch_row_content_no_spaces&#8221; equal_height=&#8221;yes&#8221;][vc_column][\/vc_column][\/vc_row][vc_row][vc_column][vc_gmaps link=&#8221;#E-8_aHR0cHMlM0ElMkYlMkZtYXBzLmdvb2dsZS5jb20lMkZtYXBzJTNGcSUzRE1vbmFyc2slMjVDMyUyNUExJTI1MjBBbGVqJTI1MjA0OCUyNnQlM0QlMjZ6JTNEMTMlMjZpZSUzRFVURjglMjZpd2xvYyUzRCUyNm91dHB1dCUzRGVtYmVkJTNF&#8221; size=&#8221;600&#8243;][\/vc_column][\/vc_row]\" \/>\n<meta property=\"og:url\" content=\"http:\/\/www.frustik.sk\/?page_id=46\" \/>\n<meta property=\"og:site_name\" content=\"Fru\u0161tik\" \/>\n<meta property=\"article:modified_time\" content=\"2020-01-30T11:01:26+00:00\" \/>\n<meta name=\"twitter:card\" content=\"summary_large_image\" \/>\n<meta name=\"twitter:label1\" content=\"Est. reading time\" \/>\n\t<meta name=\"twitter:data1\" content=\"2 minutes\" \/>\n<script type=\"application\/ld+json\" class=\"yoast-schema-graph\">{\"@context\":\"https:\\\/\\\/schema.org\",\"@graph\":[{\"@type\":\"WebPage\",\"@id\":\"http:\\\/\\\/www.frustik.sk\\\/?page_id=46\",\"url\":\"http:\\\/\\\/www.frustik.sk\\\/?page_id=46\",\"name\":\"Kde n\u00e1s k\u00fapite - Fru\u0161tik\",\"isPartOf\":{\"@id\":\"https:\\\/\\\/www.frustik.sk\\\/#website\"},\"datePublished\":\"2014-03-18T10:54:00+00:00\",\"dateModified\":\"2020-01-30T11:01:26+00:00\",\"breadcrumb\":{\"@id\":\"http:\\\/\\\/www.frustik.sk\\\/?page_id=46#breadcrumb\"},\"inLanguage\":\"en-US\",\"potentialAction\":[{\"@type\":\"ReadAction\",\"target\":[\"http:\\\/\\\/www.frustik.sk\\\/?page_id=46\"]}]},{\"@type\":\"BreadcrumbList\",\"@id\":\"http:\\\/\\\/www.frustik.sk\\\/?page_id=46#breadcrumb\",\"itemListElement\":[{\"@type\":\"ListItem\",\"position\":1,\"name\":\"Home\",\"item\":\"https:\\\/\\\/www.frustik.sk\\\/\"},{\"@type\":\"ListItem\",\"position\":2,\"name\":\"Kde n\u00e1s k\u00fapite\"}]},{\"@type\":\"WebSite\",\"@id\":\"https:\\\/\\\/www.frustik.sk\\\/#website\",\"url\":\"https:\\\/\\\/www.frustik.sk\\\/\",\"name\":\"Fru\u0161tik\",\"description\":\"S l\u00e1skou roben\u00e9 obilninov\u00e9 ka\u0161e pln\u00e9 \u017eiv\u00edn a lahodn\u00fdch chut\u00ed, vyroben\u00e9 s nad\u0161en\u00edm pre zdrav\u00fa v\u00fd\u017eivu, d\u00f4razom na kvalitn\u00e9 ingrediencie a re\u0161pektom k pr\u00edrode.\",\"publisher\":{\"@id\":\"https:\\\/\\\/www.frustik.sk\\\/#organization\"},\"potentialAction\":[{\"@type\":\"SearchAction\",\"target\":{\"@type\":\"EntryPoint\",\"urlTemplate\":\"https:\\\/\\\/www.frustik.sk\\\/?s={search_term_string}\"},\"query-input\":{\"@type\":\"PropertyValueSpecification\",\"valueRequired\":true,\"valueName\":\"search_term_string\"}}],\"inLanguage\":\"en-US\"},{\"@type\":\"Organization\",\"@id\":\"https:\\\/\\\/www.frustik.sk\\\/#organization\",\"name\":\"Fru\u0161tik\",\"url\":\"https:\\\/\\\/www.frustik.sk\\\/\",\"logo\":{\"@type\":\"ImageObject\",\"inLanguage\":\"en-US\",\"@id\":\"https:\\\/\\\/www.frustik.sk\\\/#\\\/schema\\\/logo\\\/image\\\/\",\"url\":\"https:\\\/\\\/www.frustik.sk\\\/wp-content\\\/uploads\\\/2018\\\/02\\\/logo-frustik-long.png\",\"contentUrl\":\"https:\\\/\\\/www.frustik.sk\\\/wp-content\\\/uploads\\\/2018\\\/02\\\/logo-frustik-long.png\",\"width\":160,\"height\":73,\"caption\":\"Fru\u0161tik\"},\"image\":{\"@id\":\"https:\\\/\\\/www.frustik.sk\\\/#\\\/schema\\\/logo\\\/image\\\/\"}}]}<\/script>\n<!-- \/ Yoast SEO plugin. -->","yoast_head_json":{"title":"Kde n\u00e1s k\u00fapite - Fru\u0161tik","robots":{"index":"index","follow":"follow","max-snippet":"max-snippet:-1","max-image-preview":"max-image-preview:large","max-video-preview":"max-video-preview:-1"},"canonical":"http:\/\/www.frustik.sk\/?page_id=46","og_locale":"en_US","og_type":"article","og_title":"Kde n\u00e1s k\u00fapite - Fru\u0161tik","og_description":"[vc_row bg_type=&#8221;image&#8221; parallax_style=&#8221;vcpb-vz-jquery&#8221; bg_image_new=&#8221;id^52087|url^http:\/\/www.frustik.sk\/wp-content\/uploads\/2018\/06\/IMG_1032.jpg|caption^null|alt^null|title^IMG_1032|description^null&#8221; bg_image_repeat=&#8221;no-repeat&#8221; bg_override=&#8221;ex-full&#8221; type=&#8221;vc_default&#8221; margin_top=&#8221;-50&#8243; css=&#8221;.vc_custom_1528924935192{padding-top: 20% !important;padding-bottom: 20% !important;}&#8221;][vc_column offset=&#8221;vc_col-lg-12 vc_col-md-12&#8243;][\/vc_column][\/vc_row][vc_row][vc_column width=&#8221;1\/3&#8243;][vc_custom_heading text=&#8221;Obchod 1&#8243; font_container=&#8221;tag:h2|font_size:48|text_align:left&#8221; google_fonts=&#8221;font_family:Amatic%20SC%3Aregular%2C700|font_style:700%20bold%20regular%3A700%3Anormal&#8221;][vc_custom_heading text=&#8221;Adresa: Web: Telefon:&#8221; font_container=&#8221;tag:h2|font_size:16|text_align:left|line_height:1.5&#8243; google_fonts=&#8221;font_family:Josefin%20Sans%3A100%2C100italic%2C300%2C300italic%2Cregular%2Citalic%2C600%2C600italic%2C700%2C700italic|font_style:400%20regular%3A400%3Anormal&#8221;][\/vc_column][vc_column width=&#8221;1\/3&#8243;][vc_custom_heading text=&#8221;Obchod 2&#8243; font_container=&#8221;tag:h2|font_size:48|text_align:left&#8221; google_fonts=&#8221;font_family:Amatic%20SC%3Aregular%2C700|font_style:700%20bold%20regular%3A700%3Anormal&#8221;][vc_custom_heading text=&#8221;Adresa: Web: Telefon:&#8221; font_container=&#8221;tag:h2|font_size:16|text_align:left|line_height:1.5&#8243; google_fonts=&#8221;font_family:Josefin%20Sans%3A100%2C100italic%2C300%2C300italic%2Cregular%2Citalic%2C600%2C600italic%2C700%2C700italic|font_style:400%20regular%3A400%3Anormal&#8221;][\/vc_column][vc_column width=&#8221;1\/3&#8243;][vc_custom_heading text=&#8221;Obchod 3&#8243; font_container=&#8221;tag:h2|font_size:48|text_align:left&#8221; google_fonts=&#8221;font_family:Amatic%20SC%3Aregular%2C700|font_style:700%20bold%20regular%3A700%3Anormal&#8221;][vc_custom_heading text=&#8221;Adresa: Web: Telefon:&#8221; font_container=&#8221;tag:h2|font_size:16|text_align:left|line_height:1.5&#8243; google_fonts=&#8221;font_family:Josefin%20Sans%3A100%2C100italic%2C300%2C300italic%2Cregular%2Citalic%2C600%2C600italic%2C700%2C700italic|font_style:400%20regular%3A400%3Anormal&#8221;][\/vc_column][\/vc_row][vc_row full_width=&#8221;stretch_row_content_no_spaces&#8221; equal_height=&#8221;yes&#8221;][vc_column][\/vc_column][\/vc_row][vc_row][vc_column][vc_gmaps link=&#8221;#E-8_aHR0cHMlM0ElMkYlMkZtYXBzLmdvb2dsZS5jb20lMkZtYXBzJTNGcSUzRE1vbmFyc2slMjVDMyUyNUExJTI1MjBBbGVqJTI1MjA0OCUyNnQlM0QlMjZ6JTNEMTMlMjZpZSUzRFVURjglMjZpd2xvYyUzRCUyNm91dHB1dCUzRGVtYmVkJTNF&#8221; size=&#8221;600&#8243;][\/vc_column][\/vc_row]","og_url":"http:\/\/www.frustik.sk\/?page_id=46","og_site_name":"Fru\u0161tik","article_modified_time":"2020-01-30T11:01:26+00:00","twitter_card":"summary_large_image","twitter_misc":{"Est. reading time":"2 minutes"},"schema":{"@context":"https:\/\/schema.org","@graph":[{"@type":"WebPage","@id":"http:\/\/www.frustik.sk\/?page_id=46","url":"http:\/\/www.frustik.sk\/?page_id=46","name":"Kde n\u00e1s k\u00fapite - Fru\u0161tik","isPartOf":{"@id":"https:\/\/www.frustik.sk\/#website"},"datePublished":"2014-03-18T10:54:00+00:00","dateModified":"2020-01-30T11:01:26+00:00","breadcrumb":{"@id":"http:\/\/www.frustik.sk\/?page_id=46#breadcrumb"},"inLanguage":"en-US","potentialAction":[{"@type":"ReadAction","target":["http:\/\/www.frustik.sk\/?page_id=46"]}]},{"@type":"BreadcrumbList","@id":"http:\/\/www.frustik.sk\/?page_id=46#breadcrumb","itemListElement":[{"@type":"ListItem","position":1,"name":"Home","item":"https:\/\/www.frustik.sk\/"},{"@type":"ListItem","position":2,"name":"Kde n\u00e1s k\u00fapite"}]},{"@type":"WebSite","@id":"https:\/\/www.frustik.sk\/#website","url":"https:\/\/www.frustik.sk\/","name":"Fru\u0161tik","description":"S l\u00e1skou roben\u00e9 obilninov\u00e9 ka\u0161e pln\u00e9 \u017eiv\u00edn a lahodn\u00fdch chut\u00ed, vyroben\u00e9 s nad\u0161en\u00edm pre zdrav\u00fa v\u00fd\u017eivu, d\u00f4razom na kvalitn\u00e9 ingrediencie a re\u0161pektom k pr\u00edrode.","publisher":{"@id":"https:\/\/www.frustik.sk\/#organization"},"potentialAction":[{"@type":"SearchAction","target":{"@type":"EntryPoint","urlTemplate":"https:\/\/www.frustik.sk\/?s={search_term_string}"},"query-input":{"@type":"PropertyValueSpecification","valueRequired":true,"valueName":"search_term_string"}}],"inLanguage":"en-US"},{"@type":"Organization","@id":"https:\/\/www.frustik.sk\/#organization","name":"Fru\u0161tik","url":"https:\/\/www.frustik.sk\/","logo":{"@type":"ImageObject","inLanguage":"en-US","@id":"https:\/\/www.frustik.sk\/#\/schema\/logo\/image\/","url":"https:\/\/www.frustik.sk\/wp-content\/uploads\/2018\/02\/logo-frustik-long.png","contentUrl":"https:\/\/www.frustik.sk\/wp-content\/uploads\/2018\/02\/logo-frustik-long.png","width":160,"height":73,"caption":"Fru\u0161tik"},"image":{"@id":"https:\/\/www.frustik.sk\/#\/schema\/logo\/image\/"}}]}},"_links":{"self":[{"href":"http:\/\/www.frustik.sk\/index.php?rest_route=\/wp\/v2\/pages\/46","targetHints":{"allow":["GET"]}}],"collection":[{"href":"http:\/\/www.frustik.sk\/index.php?rest_route=\/wp\/v2\/pages"}],"about":[{"href":"http:\/\/www.frustik.sk\/index.php?rest_route=\/wp\/v2\/types\/page"}],"author":[{"embeddable":true,"href":"http:\/\/www.frustik.sk\/index.php?rest_route=\/wp\/v2\/users\/1"}],"replies":[{"embeddable":true,"href":"http:\/\/www.frustik.sk\/index.php?rest_route=%2Fwp%2Fv2%2Fcomments&post=46"}],"version-history":[{"count":6,"href":"http:\/\/www.frustik.sk\/index.php?rest_route=\/wp\/v2\/pages\/46\/revisions"}],"predecessor-version":[{"id":52389,"href":"http:\/\/www.frustik.sk\/index.php?rest_route=\/wp\/v2\/pages\/46\/revisions\/52389"}],"wp:attachment":[{"href":"http:\/\/www.frustik.sk\/index.php?rest_route=%2Fwp%2Fv2%2Fmedia&parent=46"}],"curies":[{"name":"wp","href":"https:\/\/api.w.org\/{rel}","templated":true}]}}