{"id":11,"date":"2014-03-18T10:04:12","date_gmt":"2014-03-18T10:04:12","guid":{"rendered":"http:\/\/the7.dream-demo.com\/business\/?page_id=11"},"modified":"2018-06-20T13:24:47","modified_gmt":"2018-06-20T13:24:47","slug":"contact","status":"publish","type":"page","link":"http:\/\/www.frustik.sk\/?page_id=11","title":{"rendered":"Kontakt"},"content":{"rendered":"<div class=\"wpb-content-wrapper\"><p>[vc_row bg_type=&#8221;image&#8221; parallax_style=&#8221;vcpb-vz-jquery&#8221; bg_image_new=&#8221;id^52101|url^http:\/\/www.frustik.sk\/wp-content\/uploads\/2018\/06\/ssd.jpg|caption^null|alt^null|title^ssd|description^null&#8221; bg_image_repeat=&#8221;no-repeat&#8221; bg_override=&#8221;ex-full&#8221; type=&#8221;vc_default&#8221; margin_top=&#8221;-50&#8243; css=&#8221;.vc_custom_1529494467157{padding-top: 20% !important;padding-bottom: 20% !important;}&#8221;][vc_column offset=&#8221;vc_col-lg-12 vc_col-md-12&#8243;]<div id=\"ultimate-heading-217769f383f961625\" class=\"uvc-heading ult-adjust-bottom-margin ultimate-heading-217769f383f961625 uvc-4950 accent-subtitle-color\" data-hspacer=\"no_spacer\"  data-halign=\"center\" style=\"text-align:center\"><div class=\"uvc-heading-spacer no_spacer\" style=\"top\"><\/div><\/div>[\/vc_column][\/vc_row][vc_row type=&#8221;vc_default&#8221; margin_top=&#8221;0&#8243; margin_bottom=&#8221;-35&#8243; css=&#8221;.vc_custom_1490283281186{margin-top: 70px !important;margin-bottom: 20px !important;}&#8221;][vc_column offset=&#8221;vc_col-lg-6 vc_col-md-5 vc_col-xs-12&#8243; css=&#8221;.vc_custom_1475919773120{padding-bottom: 50px !important;}&#8221;]<div id=\"ultimate-heading-56569f383f9616d0\" class=\"uvc-heading ult-adjust-bottom-margin ultimate-heading-56569f383f9616d0 uvc-2637 accent-border-color\" data-hspacer=\"line_only\"  data-halign=\"left\" style=\"text-align:left\"><div class=\"uvc-main-heading ult-responsive\"  data-ultimate-target='.uvc-heading.ultimate-heading-56569f383f9616d0 h2'  data-responsive-json-new='{\"font-size\":\"desktop:26px;\",\"line-height\":\"desktop:36px;\"}' ><h2 style=\"--font-weight:theme;margin-bottom:10px;\">Tu n\u00e1m m\u00f4\u017eete nap\u00edsa\u0165<\/h2><\/div><div class=\"uvc-heading-spacer line_only\" style=\"margin-bottom:20px;height:3px;\"><span class=\"uvc-headings-line\" style=\"border-style:solid;border-bottom-width:3px;border-color:#ccc;width:70px;\"><\/span><\/div><\/div>[vc_column_text css=&#8221;.vc_custom_1528901235589{padding-bottom: 45px !important;}&#8221;]Ak m\u00e1te ak\u00e9ko\u013evek ot\u00e1zky, sta\u010d\u00ed vyplni\u0165 kontaktn\u00fd formul\u00e1r a my v\u00e1m za kr\u00e1tko odpovieme. Alebo sa m\u00f4\u017eete zastavi\u0165 v jednej z predajn\u00ed, kde si n\u00e1\u0161 zdrav\u00fd tovar m\u00f4\u017eete zak\u00fapi\u0165.[\/vc_column_text]<form class=\"dt-contact-form dt-form\" method=\"post\"><input type=\"hidden\" name=\"widget_id\" value=\"presscore-contact-form-widget--1\" \/><input type=\"hidden\" name=\"send_message\" value=\"\" \/><input type=\"hidden\" name=\"security_token\" value=\"065b91732a8c86a4e463\"\/><div class=\"form-fields\"><span class=\"form-name\"><label class=\"assistive-text\">Name *<\/label><input type=\"text\" class=\"validate[required]\" placeholder=\"Name *\" name=\"name\" value=\"\" aria-required=\"true\">\n<\/span><span class=\"form-mail\"><label class=\"assistive-text\">E-mail *<\/label><input type=\"text\" class=\"validate[required,custom[email]]\" placeholder=\"E-mail *\" name=\"email\" value=\"\" aria-required=\"true\">\n<\/span><span class=\"form-telephone\"><label class=\"assistive-text\">Telephone<\/label><input type=\"text\" placeholder=\"Telephone\" name=\"telephone\" value=\"\" aria-required=\"false\">\n<\/span><\/div><span class=\"form-message\"><label class=\"assistive-text\">Message *<\/label><textarea class=\"validate[required]\" placeholder=\"Message *\" name=\"message\" rows=\"8\" aria-required=\"true\"><\/textarea>\n<\/span><p><a href=\"#\" class=\"dt-btn dt-btn-m dt-btn-submit\" rel=\"nofollow\"><span>Odosla\u0165 spr\u00e1vu<\/span><\/a><input class=\"assistive-text\" type=\"submit\" value=\"submit\"><\/p><\/form>\n[\/vc_column][vc_column offset=&#8221;vc_col-lg-6 vc_col-md-7 vc_col-xs-12&#8243; css=&#8221;.vc_custom_1490283964083{padding-bottom: 40px !important;}&#8221;]<div id=\"ultimate-heading-431669f383f961cef\" class=\"uvc-heading ult-adjust-bottom-margin ultimate-heading-431669f383f961cef uvc-8120 accent-border-color\" data-hspacer=\"line_only\"  data-halign=\"left\" style=\"text-align:left\"><div class=\"uvc-main-heading ult-responsive\"  data-ultimate-target='.uvc-heading.ultimate-heading-431669f383f961cef h2'  data-responsive-json-new='{\"font-size\":\"desktop:26px;\",\"line-height\":\"desktop:36px;\"}' ><h2 style=\"--font-weight:theme;margin-bottom:10px;\">Kontaktn\u00e9 inform\u00e1cie<\/h2><\/div><div class=\"uvc-heading-spacer line_only\" style=\"margin-bottom:55px;height:3px;\"><span class=\"uvc-headings-line\" style=\"border-style:solid;border-bottom-width:3px;border-color:#ccc;width:70px;\"><\/span><\/div><\/div>[vc_row_inner equal_height=&#8221;yes&#8221; css=&#8221;.vc_custom_1490283625740{padding-top: 10px !important;padding-right: 15px !important;padding-left: 15px !important;}&#8221;][vc_column_inner width=&#8221;1\/2&#8243; css=&#8221;.vc_custom_1490283696108{margin-top: 0px !important;margin-right: 0px !important;margin-bottom: 0px !important;margin-left: 0px !important;padding-top: 0px !important;padding-right: 10px !important;padding-bottom: 30px !important;padding-left: 10px !important;}&#8221;]<div class=\"aio-icon-component  vc_custom_1528926238421  accent-icon-color style_1\"><div id=\"Info-box-wrap-4462\" class=\"aio-icon-box left-icon\" style=\"\"  ><div class=\"aio-icon-left\"><div class=\"ult-just-icon-wrapper  \"><div class=\"align-icon\" style=\"text-align:center;\">\n<div class=\"aio-icon none \"  style=\"color:#aaaaaa;font-size:18px;display:inline-block;\">\n\t<i class=\"icomoon-icomoonfree-16x16-mobile\"><\/i>\n<\/div><\/div><\/div><\/div><div class=\"aio-ibd-block\"><div class=\"aio-icon-description ult-responsive\"  data-ultimate-target='#Info-box-wrap-4462 .aio-icon-description'  data-responsive-json-new='{\"font-size\":\"\",\"line-height\":\"\"}'  style=\"\"><strong>+421 905 115 112<\/strong><\/div> <!-- description --><\/div> <!-- aio-ibd-block --><\/div> <!-- aio-icon-box --><\/div> <!-- aio-icon-component -->[\/vc_column_inner][vc_column_inner width=&#8221;1\/2&#8243; css=&#8221;.vc_custom_1490283700212{margin-top: 0px !important;margin-right: 0px !important;margin-bottom: 0px !important;margin-left: 0px !important;padding-top: 0px !important;padding-right: 10px !important;padding-bottom: 30px !important;padding-left: 10px !important;}&#8221;]<div class=\"aio-icon-component  vc_custom_1528926248307  accent-icon-color style_1\"><div id=\"Info-box-wrap-4176\" class=\"aio-icon-box left-icon\" style=\"\"  ><div class=\"aio-icon-left\"><div class=\"ult-just-icon-wrapper  \"><div class=\"align-icon\" style=\"text-align:center;\">\n<div class=\"aio-icon none \"  style=\"color:#aaaaaa;font-size:18px;display:inline-block;\">\n\t<i class=\"icomoon-icomoonfree-16x16-pencil2\"><\/i>\n<\/div><\/div><\/div><\/div><div class=\"aio-ibd-block\"><div class=\"aio-icon-description ult-responsive\"  data-ultimate-target='#Info-box-wrap-4176 .aio-icon-description'  data-responsive-json-new='{\"font-size\":\"\",\"line-height\":\"\"}'  style=\"\"><strong>frustik@frustik.sk<\/strong><\/div> <!-- description --><\/div> <!-- aio-ibd-block --><\/div> <!-- aio-icon-box --><\/div> <!-- aio-icon-component -->[\/vc_column_inner][\/vc_row_inner][vc_separator][vc_tta_accordion][vc_tta_section title=&#8221;Faktura\u010dn\u00e9 \u00fadaje&#8221; tab_id=&#8221;1528925933490-7b30d38a-6012&#8243;][vc_column_text]Fru\u0161tik<\/p>\n<p>Monarsk\u00e1 Alej 48<\/p>\n<p>900 25 Chorv\u00e1tsky Grob<\/p>\n<p>I\u010cO: 50300024[\/vc_column_text][\/vc_tta_section][\/vc_tta_accordion][\/vc_column][\/vc_row]<\/p>\n<\/div>","protected":false},"excerpt":{"rendered":"<p>[vc_row bg_type=&#8221;image&#8221; parallax_style=&#8221;vcpb-vz-jquery&#8221; bg_image_new=&#8221;id^52101|url^http:\/\/www.frustik.sk\/wp-content\/uploads\/2018\/06\/ssd.jpg|caption^null|alt^null|title^ssd|description^null&#8221; bg_image_repeat=&#8221;no-repeat&#8221; bg_override=&#8221;ex-full&#8221; type=&#8221;vc_default&#8221; margin_top=&#8221;-50&#8243; css=&#8221;.vc_custom_1529494467157{padding-top: 20% !important;padding-bottom: 20% !important;}&#8221;][vc_column offset=&#8221;vc_col-lg-12 vc_col-md-12&#8243;][\/vc_column][\/vc_row][vc_row type=&#8221;vc_default&#8221; margin_top=&#8221;0&#8243; margin_bottom=&#8221;-35&#8243; css=&#8221;.vc_custom_1490283281186{margin-top: 70px !important;margin-bottom: 20px !important;}&#8221;][vc_column offset=&#8221;vc_col-lg-6 vc_col-md-5 vc_col-xs-12&#8243; css=&#8221;.vc_custom_1475919773120{padding-bottom: 50px !important;}&#8221;][vc_column_text css=&#8221;.vc_custom_1528901235589{padding-bottom: 45px !important;}&#8221;]Ak m\u00e1te ak\u00e9ko\u013evek ot\u00e1zky, sta\u010d\u00ed vyplni\u0165 kontaktn\u00fd formul\u00e1r a my v\u00e1m za kr\u00e1tko odpovieme. Alebo sa m\u00f4\u017eete zastavi\u0165 v jednej z predajn\u00ed, kde si&hellip;<\/p>\n","protected":false},"author":1,"featured_media":0,"parent":0,"menu_order":60,"comment_status":"closed","ping_status":"closed","template":"","meta":{"_monsterinsights_skip_tracking":false,"_monsterinsights_sitenote_active":false,"_monsterinsights_sitenote_note":"","_monsterinsights_sitenote_category":0,"footnotes":""},"class_list":["post-11","page","type-page","status-publish","hentry","description-off"],"yoast_head":"<!-- This site is optimized with the Yoast SEO plugin v27.5 - https:\/\/yoast.com\/product\/yoast-seo-wordpress\/ -->\n<title>Kontakt - Fru\u0161tik<\/title>\n<meta name=\"robots\" content=\"index, follow, max-snippet:-1, max-image-preview:large, max-video-preview:-1\" \/>\n<link rel=\"canonical\" href=\"http:\/\/www.frustik.sk\/?page_id=11\" \/>\n<meta property=\"og:locale\" content=\"en_US\" \/>\n<meta property=\"og:type\" content=\"article\" \/>\n<meta property=\"og:title\" content=\"Kontakt - Fru\u0161tik\" \/>\n<meta property=\"og:description\" content=\"[vc_row bg_type=&#8221;image&#8221; parallax_style=&#8221;vcpb-vz-jquery&#8221; bg_image_new=&#8221;id^52101|url^http:\/\/www.frustik.sk\/wp-content\/uploads\/2018\/06\/ssd.jpg|caption^null|alt^null|title^ssd|description^null&#8221; bg_image_repeat=&#8221;no-repeat&#8221; bg_override=&#8221;ex-full&#8221; type=&#8221;vc_default&#8221; margin_top=&#8221;-50&#8243; css=&#8221;.vc_custom_1529494467157{padding-top: 20% !important;padding-bottom: 20% !important;}&#8221;][vc_column offset=&#8221;vc_col-lg-12 vc_col-md-12&#8243;][\/vc_column][\/vc_row][vc_row type=&#8221;vc_default&#8221; margin_top=&#8221;0&#8243; margin_bottom=&#8221;-35&#8243; css=&#8221;.vc_custom_1490283281186{margin-top: 70px !important;margin-bottom: 20px !important;}&#8221;][vc_column offset=&#8221;vc_col-lg-6 vc_col-md-5 vc_col-xs-12&#8243; css=&#8221;.vc_custom_1475919773120{padding-bottom: 50px !important;}&#8221;][vc_column_text css=&#8221;.vc_custom_1528901235589{padding-bottom: 45px !important;}&#8221;]Ak m\u00e1te ak\u00e9ko\u013evek ot\u00e1zky, sta\u010d\u00ed vyplni\u0165 kontaktn\u00fd formul\u00e1r a my v\u00e1m za kr\u00e1tko odpovieme. Alebo sa m\u00f4\u017eete zastavi\u0165 v jednej z predajn\u00ed, kde si&hellip;\" \/>\n<meta property=\"og:url\" content=\"http:\/\/www.frustik.sk\/?page_id=11\" \/>\n<meta property=\"og:site_name\" content=\"Fru\u0161tik\" \/>\n<meta property=\"article:modified_time\" content=\"2018-06-20T13:24:47+00:00\" \/>\n<meta name=\"twitter:card\" content=\"summary_large_image\" \/>\n<meta name=\"twitter:label1\" content=\"Est. reading time\" \/>\n\t<meta name=\"twitter:data1\" content=\"3 minutes\" \/>\n<script type=\"application\/ld+json\" class=\"yoast-schema-graph\">{\"@context\":\"https:\\\/\\\/schema.org\",\"@graph\":[{\"@type\":\"WebPage\",\"@id\":\"http:\\\/\\\/www.frustik.sk\\\/?page_id=11\",\"url\":\"http:\\\/\\\/www.frustik.sk\\\/?page_id=11\",\"name\":\"Kontakt - Fru\u0161tik\",\"isPartOf\":{\"@id\":\"https:\\\/\\\/www.frustik.sk\\\/#website\"},\"datePublished\":\"2014-03-18T10:04:12+00:00\",\"dateModified\":\"2018-06-20T13:24:47+00:00\",\"breadcrumb\":{\"@id\":\"http:\\\/\\\/www.frustik.sk\\\/?page_id=11#breadcrumb\"},\"inLanguage\":\"en-US\",\"potentialAction\":[{\"@type\":\"ReadAction\",\"target\":[\"http:\\\/\\\/www.frustik.sk\\\/?page_id=11\"]}]},{\"@type\":\"BreadcrumbList\",\"@id\":\"http:\\\/\\\/www.frustik.sk\\\/?page_id=11#breadcrumb\",\"itemListElement\":[{\"@type\":\"ListItem\",\"position\":1,\"name\":\"Home\",\"item\":\"https:\\\/\\\/www.frustik.sk\\\/\"},{\"@type\":\"ListItem\",\"position\":2,\"name\":\"Kontakt\"}]},{\"@type\":\"WebSite\",\"@id\":\"https:\\\/\\\/www.frustik.sk\\\/#website\",\"url\":\"https:\\\/\\\/www.frustik.sk\\\/\",\"name\":\"Fru\u0161tik\",\"description\":\"S l\u00e1skou roben\u00e9 obilninov\u00e9 ka\u0161e pln\u00e9 \u017eiv\u00edn a lahodn\u00fdch chut\u00ed, vyroben\u00e9 s nad\u0161en\u00edm pre zdrav\u00fa v\u00fd\u017eivu, d\u00f4razom na kvalitn\u00e9 ingrediencie a re\u0161pektom k pr\u00edrode.\",\"publisher\":{\"@id\":\"https:\\\/\\\/www.frustik.sk\\\/#organization\"},\"potentialAction\":[{\"@type\":\"SearchAction\",\"target\":{\"@type\":\"EntryPoint\",\"urlTemplate\":\"https:\\\/\\\/www.frustik.sk\\\/?s={search_term_string}\"},\"query-input\":{\"@type\":\"PropertyValueSpecification\",\"valueRequired\":true,\"valueName\":\"search_term_string\"}}],\"inLanguage\":\"en-US\"},{\"@type\":\"Organization\",\"@id\":\"https:\\\/\\\/www.frustik.sk\\\/#organization\",\"name\":\"Fru\u0161tik\",\"url\":\"https:\\\/\\\/www.frustik.sk\\\/\",\"logo\":{\"@type\":\"ImageObject\",\"inLanguage\":\"en-US\",\"@id\":\"https:\\\/\\\/www.frustik.sk\\\/#\\\/schema\\\/logo\\\/image\\\/\",\"url\":\"https:\\\/\\\/www.frustik.sk\\\/wp-content\\\/uploads\\\/2018\\\/02\\\/logo-frustik-long.png\",\"contentUrl\":\"https:\\\/\\\/www.frustik.sk\\\/wp-content\\\/uploads\\\/2018\\\/02\\\/logo-frustik-long.png\",\"width\":160,\"height\":73,\"caption\":\"Fru\u0161tik\"},\"image\":{\"@id\":\"https:\\\/\\\/www.frustik.sk\\\/#\\\/schema\\\/logo\\\/image\\\/\"}}]}<\/script>\n<!-- \/ Yoast SEO plugin. -->","yoast_head_json":{"title":"Kontakt - Fru\u0161tik","robots":{"index":"index","follow":"follow","max-snippet":"max-snippet:-1","max-image-preview":"max-image-preview:large","max-video-preview":"max-video-preview:-1"},"canonical":"http:\/\/www.frustik.sk\/?page_id=11","og_locale":"en_US","og_type":"article","og_title":"Kontakt - Fru\u0161tik","og_description":"[vc_row bg_type=&#8221;image&#8221; parallax_style=&#8221;vcpb-vz-jquery&#8221; bg_image_new=&#8221;id^52101|url^http:\/\/www.frustik.sk\/wp-content\/uploads\/2018\/06\/ssd.jpg|caption^null|alt^null|title^ssd|description^null&#8221; bg_image_repeat=&#8221;no-repeat&#8221; bg_override=&#8221;ex-full&#8221; type=&#8221;vc_default&#8221; margin_top=&#8221;-50&#8243; css=&#8221;.vc_custom_1529494467157{padding-top: 20% !important;padding-bottom: 20% !important;}&#8221;][vc_column offset=&#8221;vc_col-lg-12 vc_col-md-12&#8243;][\/vc_column][\/vc_row][vc_row type=&#8221;vc_default&#8221; margin_top=&#8221;0&#8243; margin_bottom=&#8221;-35&#8243; css=&#8221;.vc_custom_1490283281186{margin-top: 70px !important;margin-bottom: 20px !important;}&#8221;][vc_column offset=&#8221;vc_col-lg-6 vc_col-md-5 vc_col-xs-12&#8243; css=&#8221;.vc_custom_1475919773120{padding-bottom: 50px !important;}&#8221;][vc_column_text css=&#8221;.vc_custom_1528901235589{padding-bottom: 45px !important;}&#8221;]Ak m\u00e1te ak\u00e9ko\u013evek ot\u00e1zky, sta\u010d\u00ed vyplni\u0165 kontaktn\u00fd formul\u00e1r a my v\u00e1m za kr\u00e1tko odpovieme. Alebo sa m\u00f4\u017eete zastavi\u0165 v jednej z predajn\u00ed, kde si&hellip;","og_url":"http:\/\/www.frustik.sk\/?page_id=11","og_site_name":"Fru\u0161tik","article_modified_time":"2018-06-20T13:24:47+00:00","twitter_card":"summary_large_image","twitter_misc":{"Est. reading time":"3 minutes"},"schema":{"@context":"https:\/\/schema.org","@graph":[{"@type":"WebPage","@id":"http:\/\/www.frustik.sk\/?page_id=11","url":"http:\/\/www.frustik.sk\/?page_id=11","name":"Kontakt - Fru\u0161tik","isPartOf":{"@id":"https:\/\/www.frustik.sk\/#website"},"datePublished":"2014-03-18T10:04:12+00:00","dateModified":"2018-06-20T13:24:47+00:00","breadcrumb":{"@id":"http:\/\/www.frustik.sk\/?page_id=11#breadcrumb"},"inLanguage":"en-US","potentialAction":[{"@type":"ReadAction","target":["http:\/\/www.frustik.sk\/?page_id=11"]}]},{"@type":"BreadcrumbList","@id":"http:\/\/www.frustik.sk\/?page_id=11#breadcrumb","itemListElement":[{"@type":"ListItem","position":1,"name":"Home","item":"https:\/\/www.frustik.sk\/"},{"@type":"ListItem","position":2,"name":"Kontakt"}]},{"@type":"WebSite","@id":"https:\/\/www.frustik.sk\/#website","url":"https:\/\/www.frustik.sk\/","name":"Fru\u0161tik","description":"S l\u00e1skou roben\u00e9 obilninov\u00e9 ka\u0161e pln\u00e9 \u017eiv\u00edn a lahodn\u00fdch chut\u00ed, vyroben\u00e9 s nad\u0161en\u00edm pre zdrav\u00fa v\u00fd\u017eivu, d\u00f4razom na kvalitn\u00e9 ingrediencie a re\u0161pektom k pr\u00edrode.","publisher":{"@id":"https:\/\/www.frustik.sk\/#organization"},"potentialAction":[{"@type":"SearchAction","target":{"@type":"EntryPoint","urlTemplate":"https:\/\/www.frustik.sk\/?s={search_term_string}"},"query-input":{"@type":"PropertyValueSpecification","valueRequired":true,"valueName":"search_term_string"}}],"inLanguage":"en-US"},{"@type":"Organization","@id":"https:\/\/www.frustik.sk\/#organization","name":"Fru\u0161tik","url":"https:\/\/www.frustik.sk\/","logo":{"@type":"ImageObject","inLanguage":"en-US","@id":"https:\/\/www.frustik.sk\/#\/schema\/logo\/image\/","url":"https:\/\/www.frustik.sk\/wp-content\/uploads\/2018\/02\/logo-frustik-long.png","contentUrl":"https:\/\/www.frustik.sk\/wp-content\/uploads\/2018\/02\/logo-frustik-long.png","width":160,"height":73,"caption":"Fru\u0161tik"},"image":{"@id":"https:\/\/www.frustik.sk\/#\/schema\/logo\/image\/"}}]}},"_links":{"self":[{"href":"http:\/\/www.frustik.sk\/index.php?rest_route=\/wp\/v2\/pages\/11","targetHints":{"allow":["GET"]}}],"collection":[{"href":"http:\/\/www.frustik.sk\/index.php?rest_route=\/wp\/v2\/pages"}],"about":[{"href":"http:\/\/www.frustik.sk\/index.php?rest_route=\/wp\/v2\/types\/page"}],"author":[{"embeddable":true,"href":"http:\/\/www.frustik.sk\/index.php?rest_route=\/wp\/v2\/users\/1"}],"replies":[{"embeddable":true,"href":"http:\/\/www.frustik.sk\/index.php?rest_route=%2Fwp%2Fv2%2Fcomments&post=11"}],"version-history":[{"count":7,"href":"http:\/\/www.frustik.sk\/index.php?rest_route=\/wp\/v2\/pages\/11\/revisions"}],"predecessor-version":[{"id":52102,"href":"http:\/\/www.frustik.sk\/index.php?rest_route=\/wp\/v2\/pages\/11\/revisions\/52102"}],"wp:attachment":[{"href":"http:\/\/www.frustik.sk\/index.php?rest_route=%2Fwp%2Fv2%2Fmedia&parent=11"}],"curies":[{"name":"wp","href":"https:\/\/api.w.org\/{rel}","templated":true}]}}